{"id":40,"date":"2024-12-04T13:50:07","date_gmt":"2024-12-04T12:50:07","guid":{"rendered":"https:\/\/www.l-p-a.com\/?page_id=40"},"modified":"2025-04-02T08:14:47","modified_gmt":"2025-04-02T06:14:47","slug":"kontakt","status":"publish","type":"page","link":"https:\/\/www.l-p-a.com\/de\/kontakt\/","title":{"rendered":"Kontaktieren Sie uns"},"content":{"rendered":"<section id='hero-section-0' class='ecb-section hero-section section-color-layout-white section-grid-layout-full-width ' style=''>\n<div>\n<div class=\"as-bg-image as-bg-size-cover-center\" style=\"background-attachment: fixed;\n        --d-bg-image: url('https:\/\/www.l-p-a.com\/wp-content\/uploads\/header_home_1920px-1.jpg');\n        --t-bg-image: url('https:\/\/www.l-p-a.com\/wp-content\/uploads\/header_home_1920px-1-720x1080.jpg');\n        --m-bg-image: url('https:\/\/www.l-p-a.com\/wp-content\/uploads\/header_home_1920px-1-720x1080.jpg');\n        \"><\/p>\n<div class=\"as-bg-current-bg\">\n<div class=\"ge-vspacer-3xl\"><\/div>\n<div class=\"ge-page-grid\">\n<div class=\"d-as-col-3-span-4 t-as-col-4-span-2 m-as-col-2-span-12\">\n\t\t\t\t<svg xmlns=\"http:\/\/www.w3.org\/2000\/svg\" width=\"95\" height=\"48\" viewBox=\"0 0 95 48\" fill=\"none\" style=\"width: 95rem;\">\n\t\t\t\t\t<path d=\"M76.9038 32.1919H94.9998V38.614H76.9038V32.1919Z\" fill=\"var(--color-primary-100)\"\/>\n\t\t\t\t\t<path d=\"M9.71758 33.6738C7.87581 33.4268 6.365 32.6858 6.365 30.5441V0H0V31.3694C0 35.9812 2.43016 38.2042 5.2771 38.8609C6.72661 39.2193 8.22823 39.3308 9.71758 39.1892V33.6738Z\" fill=\"var(--color-primary-100)\"\/>\n\t\t\t\t\t<path d=\"M64.5908 17.2058C63.0003 15.2268 60.4874 13.8291 56.715 13.8291C50.0956 13.8291 45.0698 18.9348 45.0698 26.1793C45.0698 33.4237 50.0956 38.6108 56.715 38.6108C60.4843 38.6108 62.9972 37.2101 64.5908 35.2341L64.6735 38.1168H71.0416V14.3261H64.6735L64.5908 17.2088V17.2058ZM57.9714 32.9327C54.1193 32.9327 51.4379 29.9657 51.4379 26.1823C51.4379 22.3989 54.0366 19.5132 57.9714 19.5132C61.5447 19.4319 64.508 22.2152 64.5877 25.7274C64.5877 25.7425 64.5877 25.7545 64.5877 25.7696V26.1823C64.5877 29.9687 61.8235 32.9327 57.9684 32.9327H57.9714Z\" fill=\"var(--color-primary-100)\"\/>\n\t\t\t\t\t<path d=\"M29.8237 13.8323C25.9716 13.8323 23.4556 15.233 21.8651 17.209L21.6966 14.3263H15.4971V48.0001H21.9479V35.5686C23.5384 37.3789 26.2198 38.5356 29.8237 38.5356C36.6943 38.5356 41.5516 33.4299 41.5516 26.2668C41.5516 19.1037 36.6913 13.8323 29.8237 13.8323ZM28.4845 32.9329C24.9113 33.0142 21.9479 30.2309 21.8682 26.7186C21.8682 26.7036 21.8682 26.6915 21.8682 26.6765V26.3481C21.8682 22.5617 24.6324 19.5977 28.4876 19.5977C32.3427 19.5977 35.0211 22.5648 35.0211 26.3481C35.159 29.8483 32.3856 32.7973 28.8247 32.9359H28.4906L28.4845 32.9329Z\" fill=\"var(--color-primary-100)\"\/>\n\t\t\t\t<\/svg>\n\t\t\t<\/div>\n<\/p><\/div>\n<div class=\"ge-page-grid\">\n<div class=\"d-as-col-3-span-5 t-as-col-4-span-6 m-as-col-2-span-12\">\n<h2 class=\"ge-font-title-2xl\">\t\t\t\t\tKontaktieren Sie uns!\t\t\t\t<\/h2>\n<\/p><\/div>\n<div class=\"d-as-col-8-span-5 t-as-col-4-span-8 m-as-col-2-span-12 ge-font-content-m wp-content-wrapper\">\n<p>Sie haben Fragen oder m\u00f6chten mehr \u00fcber unsere L\u00f6sungen erfahren? Wir sind nur einen Klick entfernt! Kontaktieren Sie uns \u00fcber das Formular, per E-Mail oder telefonisch \u2013 wir freuen uns darauf, mit Ihnen ins Gespr\u00e4ch zu kommen und Ihre\u00a0 Herausforderungen zu l\u00f6sen.<\/p>\n<\/p><\/div>\n<\/p><\/div>\n<div class=\"d-ge-vspacer-xl t-ge-vspacer-4xl m-ge-vspacer-3xl\"><\/div>\n<\/p><\/div>\n<div class=\"ge-page-grid\">\n<div class=\"d-as-col-10-span-4 t-as-col-4-span-4 m-as-col-2-span-4 as-bg-highlight-100\" style=\"mix-blend-mode: hard-light;\">\n<div class=\"ge-vspacer-5xl\"><\/div>\n<div class=\"ge-vspacer-5xl\"><\/div>\n<div class=\"t-ge-vspacer-5xl\"><\/div>\n<\/p><\/div>\n<\/p><\/div>\n<\/div>\n<\/div>\n<\/section>\n<section id='contact-section-0' class='ecb-section contact-section section-color-layout-white section-grid-layout-full-width ' style=''>\n<div>\n<div class=\"as-padding-top-3xl\">\n<div class=\"ge-page-grid\" style=\"z-index: 1; position: relative;\">\n<div class=\"d-as-col-1-span-2 t-as-col-1-span-1 m-as-col-1-span-1 as-col-pull-right ge-pos-bottom\">\n<div class=\"as-bg-highlight-100\" style=\"height: 100rem;\"><\/div>\n<\/p><\/div>\n<div class=\"d-as-col-3-span-10 t-as-col-2-span-12 m-as-col-2-span-12\" style=\"z-index: 1;\">\n<div class=\"as-box-shadow-normal as-border-default as-padding-xl\">\n<div class=\"d-ge-grid-min-max t-ge-grid-min-max m-ge-grid-1 d-as-gap-xl t-as-gap-xl m-as-gap-m\">\n<div class=\"ge-pos-center\">\n<div class=\"ge-grid-min-max as-gap-m\">\n<div class=\"ge-pos-center\">\n                <svg xmlns=\"http:\/\/www.w3.org\/2000\/svg\" width=\"49\" height=\"38\" viewBox=\"0 0 49 38\" fill=\"none\" style=\"width: var(--padding-xl); height: var(--padding-xl);\">\n                    <path d=\"M29.3 0L25.94 3.325L39.38 16.625H0.5V21.375H39.38L25.94 34.675L29.3 38L48.5 19L29.3 0Z\" fill=\"var(--color-highlight-100)\"\/>\n                <\/svg>\n            <\/div>\n<h2 class=\"ge-font-title-2xl d-as-white-space-nowrap t-as-white-space-nowrap\">\n                <wbr>Kontakt<\/wbr><br \/>\n            <\/h2>\n<\/p><\/div>\n<\/p><\/div>\n<div class=\"ge-pos-center\">\n<div class=\"wp-content-wrapper\">\n<p>Unser Expertenteam steht Ihnen gerne zur Verf\u00fcgung. Wir freuen uns auf Ihre Anfrage und darauf, gemeinsam die besten L\u00f6sungen f\u00fcr Ihre Herausforderungen zu finden.<\/p>\n<\/p><\/div>\n<\/p><\/div>\n<\/p><\/div>\n<div class=\"ge-vspacer-2xl\"><\/div>\n<div class=\"js-contact-form\" style=\"min-height: 300rem;\">\n<div>\n<form method=\"post\" enctype=\"multipart\/form-data\" action=\"https:\/\/www.l-p-a.com\/wp-json\/wp\/v2\/submit-contact-section\">\n<style>\n    .___form-wrapper-xxs * {\n        opacity: 0;\n        position: absolute;\n        top: 0;\n        left: 0;\n        height: 0;\n        width: 0;\n        z-index: -1;\n    }\n<\/style>\n<div class=\"___form-wrapper-xxs\">\n\t<label for=\"name\" tabindex=\"-1\" aria-hidden=\"true\"><\/label><br \/>\n\t<input autocomplete=\"off\" type=\"text\" id=\"name\" name=\"name\" placeholder=\"Your name here\" tabindex=\"-1\" aria-hidden=\"true\"><br \/>\n\t<label for=\"email\" tabindex=\"-1\" aria-hidden=\"true\"><\/label><br \/>\n\t<input autocomplete=\"off\" type=\"email\" id=\"email\" name=\"email\" placeholder=\"Your e-mail here\" tabindex=\"-1\" aria-hidden=\"true\"><br \/>\n\t<label for=\"phone\" tabindex=\"-1\" aria-hidden=\"true\"><\/label><br \/>\n\t<input autocomplete=\"off\" type=\"tel\" id=\"phone\" name=\"phone\" placeholder=\"Your phone here\" tabindex=\"-1\" aria-hidden=\"true\"><br \/>\n\t<label for=\"message\" tabindex=\"-1\" aria-hidden=\"true\"><\/label><br \/>\n\t<textarea autocomplete=\"off\" id=\"message\" name=\"message\" placeholder=\"Your message here\" tabindex=\"-1\" aria-hidden=\"true\"><\/textarea>\n<\/div>\n<p>                            <input type=\"hidden\" value=\"40\" name=\"ce24d6a1b19ba5a037880135388bd95268ebbad6f40a4d899fa162ab95140f93\" \/><br \/>\n                            <input type=\"hidden\" value=\"1\" name=\"381618482623a3f5c51dc7122533185109b40e1f91ef8306d736ee7737333f77\" \/><\/p>\n<div class=\"d-as-padding-x-2xl t-as-padding-x-2xl\">\n<div class=\"d-ge-grid-2 t-ge-grid-2 m-ge-grid-1 d-as-gap-2x t-as-gap-2x m-as-gap\">\n<div>\n<div class=\"ge-grid-1 as-gap\">\n<div>\n                                                <label for=\"3c7fd7b1ad54d713944adfcc26d85fc63a5fc6d931f5a27185b28c8036076fff\"><br \/>\n\t\t\t                                        Vorname *<br \/>\n                                                <\/label><br \/>\n                                                <input type=\"text\" name=\"3c7fd7b1ad54d713944adfcc26d85fc63a5fc6d931f5a27185b28c8036076fff\" id=\"3c7fd7b1ad54d713944adfcc26d85fc63a5fc6d931f5a27185b28c8036076fff\" required \/>\n                                            <\/div>\n<div>\n                                                <label for=\"d770f09477b36f3f8e151842e187b3397c0a3b18af35ad92d50b4ae27902dfcc\"><br \/>\n\t\t\t                                        Nachname *<br \/>\n                                                <\/label><br \/>\n                                                <input type=\"text\" name=\"d770f09477b36f3f8e151842e187b3397c0a3b18af35ad92d50b4ae27902dfcc\" id=\"d770f09477b36f3f8e151842e187b3397c0a3b18af35ad92d50b4ae27902dfcc\" required \/>\n                                            <\/div>\n<div>\n                                                <label for=\"5d2bf03e6c4cdd67c88a63ec174b73aff1c689827dea448d6af49391b83f88ba\"><br \/>\n\t\t\t\t\t\t\t\t                    E-Mail Adresse *<br \/>\n                                                <\/label><br \/>\n                                                <input type=\"email\" name=\"5d2bf03e6c4cdd67c88a63ec174b73aff1c689827dea448d6af49391b83f88ba\" id=\"5d2bf03e6c4cdd67c88a63ec174b73aff1c689827dea448d6af49391b83f88ba\" required \/>\n                                            <\/div>\n<\/p><\/div>\n<\/p><\/div>\n<div>\n<div class=\"ge-grid-1 as-gap\">\n<div>\n                                                <label for=\"a0576b635ff9d60ebea0ce9ffcb80d4900679b2e12a562c77414fb65918ff445\"><br \/>\n\t\t\t\t\t\t\t\t                    Nachricht *<br \/>\n                                                <\/label><br \/>\n                                                <textarea name=\"a0576b635ff9d60ebea0ce9ffcb80d4900679b2e12a562c77414fb65918ff445\" id=\"a0576b635ff9d60ebea0ce9ffcb80d4900679b2e12a562c77414fb65918ff445\" required style=\"min-height: 236rem;\"><\/textarea>\n                                            <\/div>\n<div class=\"ge-grid-min-max as-gap-05x\">\n<div class=\"ge-pos-top\">\n                                                    <input type=\"checkbox\" name=\"d6a113fb14589e0bdc45bf533dcf5d85cca456a8dfddb0a0312c702b40ad394b\" id=\"d6a113fb14589e0bdc45bf533dcf5d85cca456a8dfddb0a0312c702b40ad394b\" required \/>\n                                                <\/div>\n<p>                                                <label for=\"d6a113fb14589e0bdc45bf533dcf5d85cca456a8dfddb0a0312c702b40ad394b\" class=\"ge-font-content-m\"><br \/>\n\t\t\t\t\t\t\t\t                    Ich bin mit der Erhebung, Verarbeitung und Nutzung meiner Daten gem\u00e4\u00df der Datenschutzerkl\u00e4rung einverstanden. *                                                <\/label>\n                                            <\/div>\n<div class=\"as-text-right\">\n                                                <button type=\"submit\" class=\"se-button\">Absenden<\/button>\n                                            <\/div>\n<\/p><\/div>\n<\/p><\/div>\n<\/p><\/div>\n<\/p><\/div>\n<\/p><\/form>\n<div class=\"success-message\">\n<div class=\"as-padding-x-2xl as-padding-y-m as-bg-grey-25\">\n<div class=\"ge-font-title-m\">\n                                    Wir haben Ihre Daten erhalten!                                <\/div>\n<div class=\"ge-vspacer-s\"><\/div>\n<div class=\"wp-content-wrapper\">\n<p>Vielen Dank f\u00fcr Ihre Nachricht und das damit verbundene Interesse!<\/p>\n<p>Wir melden uns schnellstm\u00f6glich bei Ihnen.<\/p>\n<\/p><\/div>\n<div class=\"ge-vspacer-s\"><\/div>\n<div class=\"as-text-right\">\n                                    <a href=\"#top\" class=\"se-button\">Zur\u00fcck nach oben<\/a>\n                                <\/div>\n<\/p><\/div>\n<\/p><\/div>\n<\/p><\/div>\n<\/p><\/div>\n<\/p><\/div>\n<\/p><\/div>\n<div class=\"d-as-col-13-span-2 t-as-col-14-span-1 m-as-col-14-span-1 as-col-pull-left ge-pos-bottom\">\n<div class=\"as-bg-highlight-100\" style=\"height: 100rem;\"><\/div>\n<\/p><\/div>\n<\/p><\/div>\n<\/div>\n<\/div>\n<\/section>\n","protected":false},"excerpt":{"rendered":"<p>Kontaktieren Sie uns! Sie haben Fragen oder m\u00f6chten mehr \u00fcber unsere L\u00f6sungen erfahren? Wir sind nur einen Klick entfernt! Kontaktieren Sie uns \u00fcber das Formular, per E-Mail oder telefonisch \u2013 wir freuen uns darauf, mit Ihnen ins Gespr\u00e4ch zu kommen und Ihre\u00a0 Herausforderungen zu l\u00f6sen. Kontakt Unser Expertenteam steht Ihnen gerne zur Verf\u00fcgung. Wir freuen [&hellip;]<\/p>\n","protected":false},"author":2,"featured_media":0,"parent":0,"menu_order":0,"comment_status":"closed","ping_status":"closed","template":"page_content-builder.php","meta":{"_acf_changed":false,"footnotes":""},"class_list":["post-40","page","type-page","status-publish","hentry"],"acf":[],"yoast_head":"<!-- This site is optimized with the Yoast SEO plugin v27.3 - https:\/\/yoast.com\/product\/yoast-seo-wordpress\/ -->\n<title>Kontaktieren Sie uns - LPA<\/title>\n<meta name=\"description\" content=\"Sie haben Fragen oder m\u00f6chten mehr \u00fcber unsere L\u00f6sungen erfahren? Wir sind nur einen Klick entfernt! Kontaktieren Sie uns \u00fcber das Formular, per E-Mail oder telefonisch \u2013 wir freuen uns darauf, mit Ihnen ins Gespr\u00e4ch zu kommen und Ihre\u00a0 Herausforderungen zu l\u00f6sen.\" \/>\n<meta name=\"robots\" content=\"index, follow, max-snippet:-1, max-image-preview:large, max-video-preview:-1\" \/>\n<link rel=\"canonical\" href=\"https:\/\/www.l-p-a.com\/de\/kontakt\/\" \/>\n<meta property=\"og:locale\" content=\"de_DE\" \/>\n<meta property=\"og:type\" content=\"article\" \/>\n<meta property=\"og:title\" content=\"Kontaktieren Sie uns - LPA\" \/>\n<meta property=\"og:description\" content=\"Sie haben Fragen oder m\u00f6chten mehr \u00fcber unsere L\u00f6sungen erfahren? Wir sind nur einen Klick entfernt! Kontaktieren Sie uns \u00fcber das Formular, per E-Mail oder telefonisch \u2013 wir freuen uns darauf, mit Ihnen ins Gespr\u00e4ch zu kommen und Ihre\u00a0 Herausforderungen zu l\u00f6sen.\" \/>\n<meta property=\"og:url\" content=\"https:\/\/www.l-p-a.com\/de\/kontakt\/\" \/>\n<meta property=\"og:site_name\" content=\"LPA\" \/>\n<meta property=\"article:modified_time\" content=\"2025-04-02T06:14:47+00:00\" \/>\n<meta name=\"twitter:card\" content=\"summary_large_image\" \/>\n<script type=\"application\/ld+json\" class=\"yoast-schema-graph\">{\"@context\":\"https:\\\/\\\/schema.org\",\"@graph\":[{\"@type\":\"WebPage\",\"@id\":\"https:\\\/\\\/www.l-p-a.com\\\/de\\\/kontakt\\\/\",\"url\":\"https:\\\/\\\/www.l-p-a.com\\\/de\\\/kontakt\\\/\",\"name\":\"Kontaktieren Sie uns - LPA\",\"isPartOf\":{\"@id\":\"https:\\\/\\\/www.l-p-a.com\\\/de\\\/#website\"},\"datePublished\":\"2024-12-04T12:50:07+00:00\",\"dateModified\":\"2025-04-02T06:14:47+00:00\",\"description\":\"Sie haben Fragen oder m\u00f6chten mehr \u00fcber unsere L\u00f6sungen erfahren? Wir sind nur einen Klick entfernt! Kontaktieren Sie uns \u00fcber das Formular, per E-Mail oder telefonisch \u2013 wir freuen uns darauf, mit Ihnen ins Gespr\u00e4ch zu kommen und Ihre\u00a0 Herausforderungen zu l\u00f6sen.\",\"breadcrumb\":{\"@id\":\"https:\\\/\\\/www.l-p-a.com\\\/de\\\/kontakt\\\/#breadcrumb\"},\"inLanguage\":\"de\",\"potentialAction\":[{\"@type\":\"ReadAction\",\"target\":[\"https:\\\/\\\/www.l-p-a.com\\\/de\\\/kontakt\\\/\"]}]},{\"@type\":\"BreadcrumbList\",\"@id\":\"https:\\\/\\\/www.l-p-a.com\\\/de\\\/kontakt\\\/#breadcrumb\",\"itemListElement\":[{\"@type\":\"ListItem\",\"position\":1,\"name\":\"Home\",\"item\":\"https:\\\/\\\/www.l-p-a.com\\\/de\\\/\"},{\"@type\":\"ListItem\",\"position\":2,\"name\":\"Kontaktieren Sie uns\"}]},{\"@type\":\"WebSite\",\"@id\":\"https:\\\/\\\/www.l-p-a.com\\\/de\\\/#website\",\"url\":\"https:\\\/\\\/www.l-p-a.com\\\/de\\\/\",\"name\":\"LPA\",\"description\":\"Capital Markets Technology\",\"publisher\":{\"@id\":\"https:\\\/\\\/www.l-p-a.com\\\/de\\\/#organization\"},\"potentialAction\":[{\"@type\":\"SearchAction\",\"target\":{\"@type\":\"EntryPoint\",\"urlTemplate\":\"https:\\\/\\\/www.l-p-a.com\\\/de\\\/?s={search_term_string}\"},\"query-input\":{\"@type\":\"PropertyValueSpecification\",\"valueRequired\":true,\"valueName\":\"search_term_string\"}}],\"inLanguage\":\"de\"},{\"@type\":\"Organization\",\"@id\":\"https:\\\/\\\/www.l-p-a.com\\\/de\\\/#organization\",\"name\":\"Lucht Probst Associates GmbH\",\"url\":\"https:\\\/\\\/www.l-p-a.com\\\/de\\\/\",\"logo\":{\"@type\":\"ImageObject\",\"inLanguage\":\"de\",\"@id\":\"https:\\\/\\\/www.l-p-a.com\\\/de\\\/#\\\/schema\\\/logo\\\/image\\\/\",\"url\":\"https:\\\/\\\/www.l-p-a.com\\\/wp-content\\\/uploads\\\/lpa-logo.png\",\"contentUrl\":\"https:\\\/\\\/www.l-p-a.com\\\/wp-content\\\/uploads\\\/lpa-logo.png\",\"width\":696,\"height\":696,\"caption\":\"Lucht Probst Associates GmbH\"},\"image\":{\"@id\":\"https:\\\/\\\/www.l-p-a.com\\\/de\\\/#\\\/schema\\\/logo\\\/image\\\/\"}}]}<\/script>\n<!-- \/ Yoast SEO plugin. -->","yoast_head_json":{"title":"Kontaktieren Sie uns - LPA","description":"Sie haben Fragen oder m\u00f6chten mehr \u00fcber unsere L\u00f6sungen erfahren? Wir sind nur einen Klick entfernt! Kontaktieren Sie uns \u00fcber das Formular, per E-Mail oder telefonisch \u2013 wir freuen uns darauf, mit Ihnen ins Gespr\u00e4ch zu kommen und Ihre\u00a0 Herausforderungen zu l\u00f6sen.","robots":{"index":"index","follow":"follow","max-snippet":"max-snippet:-1","max-image-preview":"max-image-preview:large","max-video-preview":"max-video-preview:-1"},"canonical":"https:\/\/www.l-p-a.com\/de\/kontakt\/","og_locale":"de_DE","og_type":"article","og_title":"Kontaktieren Sie uns - LPA","og_description":"Sie haben Fragen oder m\u00f6chten mehr \u00fcber unsere L\u00f6sungen erfahren? Wir sind nur einen Klick entfernt! Kontaktieren Sie uns \u00fcber das Formular, per E-Mail oder telefonisch \u2013 wir freuen uns darauf, mit Ihnen ins Gespr\u00e4ch zu kommen und Ihre\u00a0 Herausforderungen zu l\u00f6sen.","og_url":"https:\/\/www.l-p-a.com\/de\/kontakt\/","og_site_name":"LPA","article_modified_time":"2025-04-02T06:14:47+00:00","twitter_card":"summary_large_image","schema":{"@context":"https:\/\/schema.org","@graph":[{"@type":"WebPage","@id":"https:\/\/www.l-p-a.com\/de\/kontakt\/","url":"https:\/\/www.l-p-a.com\/de\/kontakt\/","name":"Kontaktieren Sie uns - LPA","isPartOf":{"@id":"https:\/\/www.l-p-a.com\/de\/#website"},"datePublished":"2024-12-04T12:50:07+00:00","dateModified":"2025-04-02T06:14:47+00:00","description":"Sie haben Fragen oder m\u00f6chten mehr \u00fcber unsere L\u00f6sungen erfahren? Wir sind nur einen Klick entfernt! Kontaktieren Sie uns \u00fcber das Formular, per E-Mail oder telefonisch \u2013 wir freuen uns darauf, mit Ihnen ins Gespr\u00e4ch zu kommen und Ihre\u00a0 Herausforderungen zu l\u00f6sen.","breadcrumb":{"@id":"https:\/\/www.l-p-a.com\/de\/kontakt\/#breadcrumb"},"inLanguage":"de","potentialAction":[{"@type":"ReadAction","target":["https:\/\/www.l-p-a.com\/de\/kontakt\/"]}]},{"@type":"BreadcrumbList","@id":"https:\/\/www.l-p-a.com\/de\/kontakt\/#breadcrumb","itemListElement":[{"@type":"ListItem","position":1,"name":"Home","item":"https:\/\/www.l-p-a.com\/de\/"},{"@type":"ListItem","position":2,"name":"Kontaktieren Sie uns"}]},{"@type":"WebSite","@id":"https:\/\/www.l-p-a.com\/de\/#website","url":"https:\/\/www.l-p-a.com\/de\/","name":"LPA","description":"Capital Markets Technology","publisher":{"@id":"https:\/\/www.l-p-a.com\/de\/#organization"},"potentialAction":[{"@type":"SearchAction","target":{"@type":"EntryPoint","urlTemplate":"https:\/\/www.l-p-a.com\/de\/?s={search_term_string}"},"query-input":{"@type":"PropertyValueSpecification","valueRequired":true,"valueName":"search_term_string"}}],"inLanguage":"de"},{"@type":"Organization","@id":"https:\/\/www.l-p-a.com\/de\/#organization","name":"Lucht Probst Associates GmbH","url":"https:\/\/www.l-p-a.com\/de\/","logo":{"@type":"ImageObject","inLanguage":"de","@id":"https:\/\/www.l-p-a.com\/de\/#\/schema\/logo\/image\/","url":"https:\/\/www.l-p-a.com\/wp-content\/uploads\/lpa-logo.png","contentUrl":"https:\/\/www.l-p-a.com\/wp-content\/uploads\/lpa-logo.png","width":696,"height":696,"caption":"Lucht Probst Associates GmbH"},"image":{"@id":"https:\/\/www.l-p-a.com\/de\/#\/schema\/logo\/image\/"}}]}},"_links":{"self":[{"href":"https:\/\/www.l-p-a.com\/de\/wp-json\/wp\/v2\/pages\/40","targetHints":{"allow":["GET"]}}],"collection":[{"href":"https:\/\/www.l-p-a.com\/de\/wp-json\/wp\/v2\/pages"}],"about":[{"href":"https:\/\/www.l-p-a.com\/de\/wp-json\/wp\/v2\/types\/page"}],"author":[{"embeddable":true,"href":"https:\/\/www.l-p-a.com\/de\/wp-json\/wp\/v2\/users\/2"}],"replies":[{"embeddable":true,"href":"https:\/\/www.l-p-a.com\/de\/wp-json\/wp\/v2\/comments?post=40"}],"version-history":[{"count":23,"href":"https:\/\/www.l-p-a.com\/de\/wp-json\/wp\/v2\/pages\/40\/revisions"}],"predecessor-version":[{"id":3616,"href":"https:\/\/www.l-p-a.com\/de\/wp-json\/wp\/v2\/pages\/40\/revisions\/3616"}],"wp:attachment":[{"href":"https:\/\/www.l-p-a.com\/de\/wp-json\/wp\/v2\/media?parent=40"}],"curies":[{"name":"wp","href":"https:\/\/api.w.org\/{rel}","templated":true}]}}