{"id":379,"date":"2025-01-13T15:45:12","date_gmt":"2025-01-13T14:45:12","guid":{"rendered":"https:\/\/www.l-p-a.com\/?page_id=379"},"modified":"2025-09-10T16:54:14","modified_gmt":"2025-09-10T14:54:14","slug":"impressum","status":"publish","type":"page","link":"https:\/\/www.l-p-a.com\/de\/impressum\/","title":{"rendered":"Impressum"},"content":{"rendered":"\n<div style=\"height:100px\" aria-hidden=\"true\" class=\"wp-block-spacer\"><\/div>\n\n\n\n<p class=\"has-text-align-center\"><strong>Lucht Probst Associates GmbH<br><\/strong>Gro\u00dfe Gallusstra\u00dfe 9<br>60311 Frankfurt am Main<br>Germany<\/p>\n\n\n\n<p><\/p>\n\n\n\n<p class=\"has-text-align-center\"><strong>Telefon<\/strong>: +49 69 971485-0<br><strong>Fax<\/strong>: +49 69 971485-79<br><strong>E-Mail<\/strong>: <a href=\"mailto:hello@l-p-a.com\">hello@l-p-a.com<\/a><\/p>\n\n\n\n<p><\/p>\n\n\n\n<p class=\"has-text-align-center\"><strong>Gesch\u00e4ftsf\u00fchrer<\/strong>: Stefan Lucht<br><strong>Handelsregister<\/strong>: Amtsgericht Frankfurt am Main, HRB 48809<br>Steuernummer nach \u00a727a des Umsatzsteuergesetzes: DE203 779 866<br>Verantwortlich f\u00fcr den Inhalt der Homepage nach \u00a718, Absatz 2 MStV:<\/p>\n\n\n\n<p><\/p>\n\n\n\n<p class=\"has-text-align-center\"><strong>Stefan Lucht<br><\/strong>Lucht Probst Associates GmbH<br>Gro\u00dfe Gallusstra\u00dfe 9<br>60311 Frankfurt am Main<br>Deutschland<\/p>\n\n\n\n<p><\/p>\n\n\n\n<p class=\"has-text-align-center\"><strong>Umsetzung der Homepage:<br><\/strong><a href=\"https:\/\/www.elsterkind.de\/\">Digitalagentur ELSTERKIND GmbH<\/a><\/p>\n\n\n\n<div style=\"height:100px\" aria-hidden=\"true\" class=\"wp-block-spacer\"><\/div>\n","protected":false},"excerpt":{"rendered":"<p>Lucht Probst Associates GmbHGro\u00dfe Gallusstra\u00dfe 960311 Frankfurt am MainGermany Telefon: +49 69 971485-0Fax: +49 69 971485-79E-Mail: hello@l-p-a.com Gesch\u00e4ftsf\u00fchrer: Stefan LuchtHandelsregister: Amtsgericht Frankfurt am Main, HRB 48809Steuernummer nach \u00a727a des Umsatzsteuergesetzes: DE203 779 866Verantwortlich f\u00fcr den Inhalt der Homepage nach \u00a718, Absatz 2 MStV: Stefan LuchtLucht Probst Associates GmbHGro\u00dfe Gallusstra\u00dfe 960311 Frankfurt am MainDeutschland Umsetzung der [&hellip;]<\/p>\n","protected":false},"author":2,"featured_media":0,"parent":0,"menu_order":0,"comment_status":"closed","ping_status":"closed","template":"","meta":{"_acf_changed":false,"footnotes":""},"class_list":["post-379","page","type-page","status-publish","hentry"],"acf":[],"yoast_head":"<!-- This site is optimized with the Yoast SEO plugin v27.3 - https:\/\/yoast.com\/product\/yoast-seo-wordpress\/ -->\n<title>Impressum - LPA<\/title>\n<meta name=\"robots\" content=\"index, follow, max-snippet:-1, max-image-preview:large, max-video-preview:-1\" \/>\n<link rel=\"canonical\" href=\"https:\/\/www.l-p-a.com\/de\/impressum\/\" \/>\n<meta property=\"og:locale\" content=\"de_DE\" \/>\n<meta property=\"og:type\" content=\"article\" \/>\n<meta property=\"og:title\" content=\"Impressum - LPA\" \/>\n<meta property=\"og:description\" content=\"Lucht Probst Associates GmbHGro\u00dfe Gallusstra\u00dfe 960311 Frankfurt am MainGermany Telefon: +49 69 971485-0Fax: +49 69 971485-79E-Mail: hello@l-p-a.com Gesch\u00e4ftsf\u00fchrer: Stefan LuchtHandelsregister: Amtsgericht Frankfurt am Main, HRB 48809Steuernummer nach \u00a727a des Umsatzsteuergesetzes: DE203 779 866Verantwortlich f\u00fcr den Inhalt der Homepage nach \u00a718, Absatz 2 MStV: Stefan LuchtLucht Probst Associates GmbHGro\u00dfe Gallusstra\u00dfe 960311 Frankfurt am MainDeutschland Umsetzung der [&hellip;]\" \/>\n<meta property=\"og:url\" content=\"https:\/\/www.l-p-a.com\/de\/impressum\/\" \/>\n<meta property=\"og:site_name\" content=\"LPA\" \/>\n<meta property=\"article:modified_time\" content=\"2025-09-10T14:54:14+00:00\" \/>\n<meta name=\"twitter:card\" content=\"summary_large_image\" \/>\n<script type=\"application\/ld+json\" class=\"yoast-schema-graph\">{\"@context\":\"https:\\\/\\\/schema.org\",\"@graph\":[{\"@type\":\"WebPage\",\"@id\":\"https:\\\/\\\/www.l-p-a.com\\\/de\\\/impressum\\\/\",\"url\":\"https:\\\/\\\/www.l-p-a.com\\\/de\\\/impressum\\\/\",\"name\":\"Impressum - LPA\",\"isPartOf\":{\"@id\":\"https:\\\/\\\/www.l-p-a.com\\\/de\\\/#website\"},\"datePublished\":\"2025-01-13T14:45:12+00:00\",\"dateModified\":\"2025-09-10T14:54:14+00:00\",\"breadcrumb\":{\"@id\":\"https:\\\/\\\/www.l-p-a.com\\\/de\\\/impressum\\\/#breadcrumb\"},\"inLanguage\":\"de\",\"potentialAction\":[{\"@type\":\"ReadAction\",\"target\":[\"https:\\\/\\\/www.l-p-a.com\\\/de\\\/impressum\\\/\"]}]},{\"@type\":\"BreadcrumbList\",\"@id\":\"https:\\\/\\\/www.l-p-a.com\\\/de\\\/impressum\\\/#breadcrumb\",\"itemListElement\":[{\"@type\":\"ListItem\",\"position\":1,\"name\":\"Home\",\"item\":\"https:\\\/\\\/www.l-p-a.com\\\/de\\\/\"},{\"@type\":\"ListItem\",\"position\":2,\"name\":\"Impressum\"}]},{\"@type\":\"WebSite\",\"@id\":\"https:\\\/\\\/www.l-p-a.com\\\/de\\\/#website\",\"url\":\"https:\\\/\\\/www.l-p-a.com\\\/de\\\/\",\"name\":\"LPA\",\"description\":\"Capital Markets Technology\",\"publisher\":{\"@id\":\"https:\\\/\\\/www.l-p-a.com\\\/de\\\/#organization\"},\"potentialAction\":[{\"@type\":\"SearchAction\",\"target\":{\"@type\":\"EntryPoint\",\"urlTemplate\":\"https:\\\/\\\/www.l-p-a.com\\\/de\\\/?s={search_term_string}\"},\"query-input\":{\"@type\":\"PropertyValueSpecification\",\"valueRequired\":true,\"valueName\":\"search_term_string\"}}],\"inLanguage\":\"de\"},{\"@type\":\"Organization\",\"@id\":\"https:\\\/\\\/www.l-p-a.com\\\/de\\\/#organization\",\"name\":\"Lucht Probst Associates GmbH\",\"url\":\"https:\\\/\\\/www.l-p-a.com\\\/de\\\/\",\"logo\":{\"@type\":\"ImageObject\",\"inLanguage\":\"de\",\"@id\":\"https:\\\/\\\/www.l-p-a.com\\\/de\\\/#\\\/schema\\\/logo\\\/image\\\/\",\"url\":\"https:\\\/\\\/www.l-p-a.com\\\/wp-content\\\/uploads\\\/lpa-logo.png\",\"contentUrl\":\"https:\\\/\\\/www.l-p-a.com\\\/wp-content\\\/uploads\\\/lpa-logo.png\",\"width\":696,\"height\":696,\"caption\":\"Lucht Probst Associates GmbH\"},\"image\":{\"@id\":\"https:\\\/\\\/www.l-p-a.com\\\/de\\\/#\\\/schema\\\/logo\\\/image\\\/\"}}]}<\/script>\n<!-- \/ Yoast SEO plugin. -->","yoast_head_json":{"title":"Impressum - LPA","robots":{"index":"index","follow":"follow","max-snippet":"max-snippet:-1","max-image-preview":"max-image-preview:large","max-video-preview":"max-video-preview:-1"},"canonical":"https:\/\/www.l-p-a.com\/de\/impressum\/","og_locale":"de_DE","og_type":"article","og_title":"Impressum - LPA","og_description":"Lucht Probst Associates GmbHGro\u00dfe Gallusstra\u00dfe 960311 Frankfurt am MainGermany Telefon: +49 69 971485-0Fax: +49 69 971485-79E-Mail: hello@l-p-a.com Gesch\u00e4ftsf\u00fchrer: Stefan LuchtHandelsregister: Amtsgericht Frankfurt am Main, HRB 48809Steuernummer nach \u00a727a des Umsatzsteuergesetzes: DE203 779 866Verantwortlich f\u00fcr den Inhalt der Homepage nach \u00a718, Absatz 2 MStV: Stefan LuchtLucht Probst Associates GmbHGro\u00dfe Gallusstra\u00dfe 960311 Frankfurt am MainDeutschland Umsetzung der [&hellip;]","og_url":"https:\/\/www.l-p-a.com\/de\/impressum\/","og_site_name":"LPA","article_modified_time":"2025-09-10T14:54:14+00:00","twitter_card":"summary_large_image","schema":{"@context":"https:\/\/schema.org","@graph":[{"@type":"WebPage","@id":"https:\/\/www.l-p-a.com\/de\/impressum\/","url":"https:\/\/www.l-p-a.com\/de\/impressum\/","name":"Impressum - LPA","isPartOf":{"@id":"https:\/\/www.l-p-a.com\/de\/#website"},"datePublished":"2025-01-13T14:45:12+00:00","dateModified":"2025-09-10T14:54:14+00:00","breadcrumb":{"@id":"https:\/\/www.l-p-a.com\/de\/impressum\/#breadcrumb"},"inLanguage":"de","potentialAction":[{"@type":"ReadAction","target":["https:\/\/www.l-p-a.com\/de\/impressum\/"]}]},{"@type":"BreadcrumbList","@id":"https:\/\/www.l-p-a.com\/de\/impressum\/#breadcrumb","itemListElement":[{"@type":"ListItem","position":1,"name":"Home","item":"https:\/\/www.l-p-a.com\/de\/"},{"@type":"ListItem","position":2,"name":"Impressum"}]},{"@type":"WebSite","@id":"https:\/\/www.l-p-a.com\/de\/#website","url":"https:\/\/www.l-p-a.com\/de\/","name":"LPA","description":"Capital Markets Technology","publisher":{"@id":"https:\/\/www.l-p-a.com\/de\/#organization"},"potentialAction":[{"@type":"SearchAction","target":{"@type":"EntryPoint","urlTemplate":"https:\/\/www.l-p-a.com\/de\/?s={search_term_string}"},"query-input":{"@type":"PropertyValueSpecification","valueRequired":true,"valueName":"search_term_string"}}],"inLanguage":"de"},{"@type":"Organization","@id":"https:\/\/www.l-p-a.com\/de\/#organization","name":"Lucht Probst Associates GmbH","url":"https:\/\/www.l-p-a.com\/de\/","logo":{"@type":"ImageObject","inLanguage":"de","@id":"https:\/\/www.l-p-a.com\/de\/#\/schema\/logo\/image\/","url":"https:\/\/www.l-p-a.com\/wp-content\/uploads\/lpa-logo.png","contentUrl":"https:\/\/www.l-p-a.com\/wp-content\/uploads\/lpa-logo.png","width":696,"height":696,"caption":"Lucht Probst Associates GmbH"},"image":{"@id":"https:\/\/www.l-p-a.com\/de\/#\/schema\/logo\/image\/"}}]}},"_links":{"self":[{"href":"https:\/\/www.l-p-a.com\/de\/wp-json\/wp\/v2\/pages\/379","targetHints":{"allow":["GET"]}}],"collection":[{"href":"https:\/\/www.l-p-a.com\/de\/wp-json\/wp\/v2\/pages"}],"about":[{"href":"https:\/\/www.l-p-a.com\/de\/wp-json\/wp\/v2\/types\/page"}],"author":[{"embeddable":true,"href":"https:\/\/www.l-p-a.com\/de\/wp-json\/wp\/v2\/users\/2"}],"replies":[{"embeddable":true,"href":"https:\/\/www.l-p-a.com\/de\/wp-json\/wp\/v2\/comments?post=379"}],"version-history":[{"count":6,"href":"https:\/\/www.l-p-a.com\/de\/wp-json\/wp\/v2\/pages\/379\/revisions"}],"predecessor-version":[{"id":5754,"href":"https:\/\/www.l-p-a.com\/de\/wp-json\/wp\/v2\/pages\/379\/revisions\/5754"}],"wp:attachment":[{"href":"https:\/\/www.l-p-a.com\/de\/wp-json\/wp\/v2\/media?parent=379"}],"curies":[{"name":"wp","href":"https:\/\/api.w.org\/{rel}","templated":true}]}}